{"id":18,"date":"2018-02-25T23:59:31","date_gmt":"2018-02-25T22:59:31","guid":{"rendered":"http:\/\/verein-bellina.ch\/?page_id=18"},"modified":"2024-05-10T15:07:42","modified_gmt":"2024-05-10T13:07:42","slug":"kontakt","status":"publish","type":"page","link":"https:\/\/verein-bellina.ch\/?page_id=18","title":{"rendered":"Kontakt"},"content":{"rendered":"<p>Adresse:<br \/>\nVerein Bellina<br \/>\nPferdehof Hoschet<br \/>\n8777 Diesbach GL<\/p>\n<p>E-Mail:<br \/>\nbellina((at))verein-bellina.ch<\/p>\n<p>Telefonnummer:<br \/>\n079 742 26 66<\/p>\n<p><a href=\"http:\/\/verein-bellina.ch\/?page_id=63\">So k\u00f6nnen Sie Bellina unterst\u00fctzen (weiterlesen&#8230;).<\/a><\/p>\n<p>Bankkonto (Spenden und Mitgliederbeitr\u00e4ge):<\/p>\n<p>Konto \/ Zahlbar an<br \/>\nCH49 0077 3000 5844 3713 8<br \/>\nVerein Bellina<br \/>\n8750 Glarus<\/p>\n<p><img loading=\"lazy\" decoding=\"async\" class=\"alignnone size-full wp-image-407\" src=\"http:\/\/verein-bellina.ch\/wp-content\/uploads\/2024\/05\/QR-Code-IBAN-Bellina-GLK.png\" alt=\"\" width=\"356\" height=\"357\" srcset=\"https:\/\/verein-bellina.ch\/wp-content\/uploads\/2024\/05\/QR-Code-IBAN-Bellina-GLK.png 356w, https:\/\/verein-bellina.ch\/wp-content\/uploads\/2024\/05\/QR-Code-IBAN-Bellina-GLK-300x300.png 300w, https:\/\/verein-bellina.ch\/wp-content\/uploads\/2024\/05\/QR-Code-IBAN-Bellina-GLK-150x150.png 150w, https:\/\/verein-bellina.ch\/wp-content\/uploads\/2024\/05\/QR-Code-IBAN-Bellina-GLK-100x100.png 100w\" sizes=\"auto, (max-width: 356px) 100vw, 356px\" \/><\/p>\n","protected":false},"excerpt":{"rendered":"<p>Adresse: Verein Bellina Pferdehof Hoschet 8777 Diesbach GL E-Mail: bellina((at))verein-bellina.ch Telefonnummer: 079 742 26 66 So k\u00f6nnen Sie Bellina unterst\u00fctzen (weiterlesen&#8230;). Bankkonto (Spenden und Mitgliederbeitr\u00e4ge): Konto \/ Zahlbar an CH49 0077 3000 5844 3713 8 Verein Bellina 8750 Glarus<\/p>\n","protected":false},"author":1,"featured_media":0,"parent":0,"menu_order":0,"comment_status":"closed","ping_status":"closed","template":"","meta":{"footnotes":""},"class_list":["post-18","page","type-page","status-publish","hentry"],"_links":{"self":[{"href":"https:\/\/verein-bellina.ch\/index.php?rest_route=\/wp\/v2\/pages\/18","targetHints":{"allow":["GET"]}}],"collection":[{"href":"https:\/\/verein-bellina.ch\/index.php?rest_route=\/wp\/v2\/pages"}],"about":[{"href":"https:\/\/verein-bellina.ch\/index.php?rest_route=\/wp\/v2\/types\/page"}],"author":[{"embeddable":true,"href":"https:\/\/verein-bellina.ch\/index.php?rest_route=\/wp\/v2\/users\/1"}],"replies":[{"embeddable":true,"href":"https:\/\/verein-bellina.ch\/index.php?rest_route=%2Fwp%2Fv2%2Fcomments&post=18"}],"version-history":[{"count":5,"href":"https:\/\/verein-bellina.ch\/index.php?rest_route=\/wp\/v2\/pages\/18\/revisions"}],"predecessor-version":[{"id":408,"href":"https:\/\/verein-bellina.ch\/index.php?rest_route=\/wp\/v2\/pages\/18\/revisions\/408"}],"wp:attachment":[{"href":"https:\/\/verein-bellina.ch\/index.php?rest_route=%2Fwp%2Fv2%2Fmedia&parent=18"}],"curies":[{"name":"wp","href":"https:\/\/api.w.org\/{rel}","templated":true}]}}